{"id":1725,"date":"2025-03-11T16:52:36","date_gmt":"2025-03-11T15:52:36","guid":{"rendered":"https:\/\/omas.we-dev.it\/?page_id=1725"},"modified":"2025-03-11T17:32:20","modified_gmt":"2025-03-11T16:32:20","slug":"privacy-policy-e-whistleblowing","status":"publish","type":"page","link":"https:\/\/staging.omas.we-dev.it\/it\/privacy-policy-e-whistleblowing\/","title":{"rendered":"Privacy Policy e Whistleblowing"},"content":{"rendered":"<section class=\"free-html\">\n  <div>\r\n\r\n<p>\r\n<strong>Cosa si pu\u00f2 segnalare?<\/strong><\/p>\r\n<ol>\r\n\t<li><strong>violazione del diritto nazionale<\/strong>, con riferimento a:<br>\r\n\ta)&nbsp;&nbsp; &nbsp;illeciti penali, civili, amministrativi o contabili diversi rispetto alle violazioni del diritto europeo;<br>\r\n\tb)&nbsp;&nbsp; &nbsp;condotte illecite rilevanti per l\u2019applicazione del d.lgs. 231\/2001 (c.d. reati presupposto) o violazione dei modelli di organizzazione e gestione <em>ex<\/em> d.lgs. 231\/2001 diverse rispetto alle violazioni del diritto europeo;<\/li>\r\n\t<li><strong>violazioni del diritto europeo<\/strong>, con limitato riferimento a:<br>\r\n\ta)&nbsp;&nbsp; &nbsp;Illeciti commessi in violazione della normativa europea, meglio indicati nell\u2019All. 1 al d.lgs. n. 24\/2023 e di tutte le disposizioni che ne danno attuazione seppur &nbsp;non &nbsp;indicati &nbsp;nel predetto allegato, relativi ai &nbsp;seguenti &nbsp;settori: &nbsp;appalti &nbsp;pubblici; servizi, prodotti e mercati finanziari e prevenzione del &nbsp;riciclaggio e del finanziamento &nbsp;del &nbsp;terrorismo; &nbsp;sicurezza &nbsp;e &nbsp;conformit\u00e0 &nbsp;dei prodotti; &nbsp; sicurezza &nbsp; dei &nbsp; &nbsp;trasporti; &nbsp; &nbsp;tutela &nbsp; &nbsp;dell&#8217;ambiente; radioprotezione e sicurezza nucleare; sicurezza degli alimenti e &nbsp;dei mangimi &nbsp;e &nbsp;salute &nbsp;e &nbsp;benessere &nbsp;degli &nbsp;animali; &nbsp;salute &nbsp; pubblica; protezione dei consumatori; tutela della vita &nbsp;privata &nbsp;e &nbsp;protezione dei dati personali e sicurezza delle reti e dei sistemi informativi;<br>\r\n\tb)&nbsp;&nbsp; &nbsp;atti od omissioni che ledono &nbsp;gli &nbsp;interessi &nbsp;finanziari dell&#8217;Unione;&nbsp;<br>\r\n\tc)&nbsp;&nbsp; &nbsp;atti od omissioni riguardanti il mercato &nbsp;interno, che compromettono la libera circolazione delle merci, delle persone, dei servizi e dei capitali, comprese le violazioni delle &nbsp;norme &nbsp;dell&#8217;Unione europea in materia di concorrenza e di aiuti &nbsp;di &nbsp;Stato, &nbsp;nonch\u00e9 &nbsp;le violazioni riguardanti &nbsp;il &nbsp;mercato &nbsp;interno &nbsp;connesse &nbsp;ad &nbsp;atti &nbsp;che violano le norme in materia di imposta sulle societ\u00e0 o i &nbsp;meccanismi il cui fine \u00e8 ottenere un vantaggio fiscale che vanifica l&#8217;oggetto o la finalit\u00e0 della normativa applicabile in materia di imposta &nbsp;sulle societ\u00e0;&nbsp;<br>\r\n\td)&nbsp;&nbsp; &nbsp;atti o comportamenti che vanificano l&#8217;oggetto o la finalit\u00e0 delle disposizioni dell\u2019Unione Europea nei settori di cui ai punti precedenti.<\/li>\r\n<\/ol>\r\n\r\n<p><strong>Cosa non \u00e8 oggetto di segnalazione whistleblowing?<\/strong><\/p>\r\n\r\n<ol>\r\n\t<li>le contestazioni, rivendicazioni o richieste legate ad un interesse di <strong>carattere personale<\/strong> della persona segnalante o della persona che ha sporto una denuncia all&#8217;Autorit\u00e0 giudiziaria che attengono esclusivamente ai propri <strong>rapporti individuali<\/strong> di lavoro o di impiego pubblico, ovvero inerenti ai propri rapporti di lavoro o di impiego pubblico con le figure gerarchicamente sovraordinate;<\/li>\r\n\t<li>le segnalazioni di violazioni laddove gi\u00e0 disciplinate in via obbligatoria dagli atti dell&#8217;Unione europea e dalle disposizioni attuative nazionali che <strong>gi\u00e0 garantiscono apposite procedure di segnalazione<\/strong>;<\/li>\r\n\t<li>le segnalazioni di violazioni in materia di <strong>sicurezza nazionale<\/strong>, nonch\u00e9 di <strong>appalti relativi ad aspetti di difesa o di sicurezza nazionale<\/strong>, a meno che tali aspetti rientrino nel diritto derivato pertinente dell&#8217;Unione europea<\/li>\r\n<\/ol>\r\n\r\n<p><strong>Le nostre modalit\u00e0 di segnalazione interna<\/strong><\/p>\r\n\r\n<ul>\r\n\t<li>a)&nbsp;&nbsp; &nbsp;<strong>in forma orale<\/strong>: su <strong>richiesta espressa<\/strong> del segnalante mediante un <strong>incontro diretto<\/strong> con il\/i soggetto\/i gestori della segnalazione;<\/li>\r\n\t<li>b)&nbsp;&nbsp; &nbsp; <strong>in forma scritta<\/strong>: spedendo tramite il servizio postale una lettera e\/o raccomandata alla sede legale della Societ\u00e0 inserendo la segnalazione in due buste chiuse, includendo:<br>\r\n\t&#8211;&nbsp;&nbsp; &nbsp;nella <u>prima busta<\/u> i dati identificativi del segnalante, unitamente a un documento di identit\u00e0 in corso di validit\u00e0;&nbsp;<br>\r\n\t&#8211;&nbsp;&nbsp; &nbsp;nella <u>seconda busta<\/u> l\u2019oggetto della segnalazione.<br>\r\n\tEntrambe le buste dovranno poi essere inserite in una <u>terza busta<\/u> riportando, all\u2019esterno, la dicitura <em>\u201criservata al gestore della segnalazione\u201d<\/em> oppure <em>\u201calla c.a. del gestore della segnalazione\u201d<\/em> e indirizzandola a <strong>Omas S.r.l., Via Fornace II strada n. 1 \u2013 35010 Arsego &#8211; San Giorgio delle Pertiche (PD)<\/strong>.<\/li>\r\n<\/ul>\r\n\r\n<p><strong>Il gestore ricevuta la segnalazione:<\/strong><\/p>\r\n\r\n<ul>\r\n\t<li>rilascia al segnalante un avviso di ricevimento della segnalazione entro 7 giorni dalla data di ricezione;<\/li>\r\n\t<li>effettua un esame preliminare della segnalazione per valutare la sussistenza della legittimazione del segnalante e dei requisiti essenziali, nonch\u00e9 per valutare che la segnalazione rientri nell\u2019ambito di applicazione del <em>whistleblowing<\/em>;<\/li>\r\n\t<li>all\u2019estio positivo della verifica preliminare, il gestore procede con l\u2019analisi dell\u2019istruttoria interna, richiedendo chiarimenti, documenti e informazioni ulteriori al segnalante; acquisendo, se necessario, documenti e di informazioni presso altri uffici della Societ\u00e0; coinvolgendo soggetti terzi o di altre funzioni aziendali, che hanno l\u2019obbligo di collaborare con il gestore; ascoltando eventuali altri soggetti interni\/esterni, ove necessario;<\/li>\r\n\t<li>all\u2019esito dell\u2019istruttoria il gestore, entro 3 mesi dalla data di avviso di ricevimento, fornisce un riscontro al segnalante, in merito all\u2019archiviazione o alla fondatezza della segnalazione, dando conto delle misure previste o adottate o da adottare per dare seguito alla segnalazione e dei motivi della scelta effettuata.<\/li>\r\n<\/ul>\r\n\r\n<p><br>\r\n<strong>Canale di segnalazione esterno e divulgazione pubblica<\/strong><br>\r\n<br>\r\nIl segnalante pu\u00f2 fare ricorso al&nbsp;<a href=\"https:\/\/whistleblowing.anticorruzione.it\/\" target=\"_blank\"><strong>canale esterno attivato presso ANAC<\/strong><\/a>, nei seguenti casi:<\/p>\r\n\r\n<ul>\r\n\t<li>la persona segnalante ha gi\u00e0 effettuato una segnalazione interna e la stessa non ha avuto seguito;<\/li>\r\n\t<li>la persona segnalante ha fondati motivi di ritenere che, se effettuasse una segnalazione interna, alla stessa non sarebbe dato efficace seguito ovvero che la stessa segnalazione potrebbe determinare un rischio di ritorsione;<\/li>\r\n\t<li>la persona segnalante ha fondato motivo di ritenere che la violazione possa costituire un pericolo imminente o palese per il pubblico interesse.<\/li>\r\n<\/ul>\r\n\r\n<p>Mentre la segnalazione tramite <strong>divulgazione pubblica<\/strong> pu\u00f2 essere effettuata dal segnalante esclusivamente quando ricorrano le seguenti condizioni:<\/p>\r\n\r\n<ul>\r\n\t<li>la persona segnalante ha previamente effettuato una segnalazione interna ed esterna ovvero ha effettuato direttamente una segnalazione esterna e non \u00e8 stato dato riscontro entro i termini stabiliti in merito alle misure previste o adottate per dare seguito alle segnalazioni;<\/li>\r\n\t<li>la persona segnalante ha fondato motivo di ritenere che la violazione possa costituire un pericolo imminente o palese per il pubblico interesse;<\/li>\r\n\t<li>la persona segnalante ha fondato motivo di ritenere che la segnalazione esterna possa comportare il rischio di ritorsioni o possa non avere efficace seguito in ragione delle specifiche circostanze del caso concreto, come quelle in cui possano essere occultate o distrutte prove oppure in cui vi sia fondato timore che chi ha ricevuto la segnalazione possa essere colluso con l&#8217;autore della violazione o coinvolto nella violazione stessa.<br>\r\n\t&nbsp;<\/li>\r\n<\/ul>\r\n\r\n<p><strong>A chi vanno trasmesse le segnalazioni?<\/strong><br>\r\n<br>\r\nAll\u2019attenzione dei soggetti gestori dei canali di segnalazione, che la nostra societ\u00e0 ha identificato nelle persone interne di:<\/p>\r\n\r\n<ul>\r\n\t<li><strong>Di Sante Roberta<\/strong> c\/o Ufficio Amministrativo<\/li>\r\n\t<li><strong>Griggio Liana<\/strong> c\/o Ufficio CFO &amp; HR<br>\r\n\t&nbsp;<\/li>\r\n<\/ul>\r\n\r\n<p><strong>Informativa privacy<\/strong><br>\r\n<br>\r\nLa nostra societ\u00e0 \u00e8 particolarmente attenta anche alla tutela della <em>privacy<\/em> e della riservatezza con riferimento al trattamento del <em>whistleblower<\/em> e per comprendere come vengano trattati i relativi dati si rimanda integralmente all\u2019<a href=\"https:\/\/cms.bconsole.com\/documents\/1704292293-pagesinformativa_21.12.2023.pdf\/omas\" target=\"_blank\"><strong>informativa privacy<\/strong><\/a>&nbsp;adottata dall\u2019azienda.<\/p>\r\n\r\n<p>&nbsp;<\/p>\r\n\r\n<hr>\r\n<p>&nbsp;<\/p>\r\n\r\n<p>OMAS S.R.L. (di seguito &#8220;OMAS&#8221;), con sede in Via Fornace seconda strada, 1 Arsego \u2013 35010 San Giorgio delle Pertiche, Padova (Italia), che pu\u00f2 essere contattata via email tramite l&#8217;indirizzo <a href=\"mailto:privacy@omasindustries.com\">privacy@omasindustries.com<\/a>, tratta in qualit\u00e0 di titolare del trattamento i dati personali forniti direttamente o indirettamente, anche tramite i propri collaboratori, dai clienti, fornitori, contatti o potenziali clienti (di seguito congiuntamente definiti &#8220;Clienti&#8221;) in conformit\u00e0 con la presente informativa sul trattamento dei dati personali.<\/p>\r\n\r\n<p>&nbsp;<\/p>\r\n\r\n<p><strong>1. Dati personali trattati da OMAS<\/strong><\/p>\r\n\r\n<p>OMAS raccoglie le seguenti categorie di dati personali:<\/p>\r\n\r\n<p>\u2022 dati di contatto del Cliente o dei dipendenti del Cliente nel caso in cui quest\u2019ultimo sia una persona giuridica;<\/p>\r\n\r\n<p>\u2022 dati di identificazione del Cliente e funzionali ai controlli necessari ai fini della normativa applicabile, ivi compresa la normativa in materia di antiriciclaggio;<\/p>\r\n\r\n<p>\u2022 informazioni fornite dal Cliente con riferimento all&#8217;incarico\/commessa affidato a OMAS.<\/p>\r\n\r\n<p>(di seguito congiuntamente definiti i &#8220;Dati Personali&#8221;).<\/p>\r\n\r\n<p>&nbsp;<\/p>\r\n\r\n<p><strong>2. Finalit\u00e0 del trattamento dei Dati Personali<\/strong><\/p>\r\n\r\n<p>OMAS tratta i Dati Personali per le seguenti finalit\u00e0:<\/p>\r\n\r\n<p>a.&nbsp;&nbsp;&nbsp;&nbsp;&nbsp;&nbsp;&nbsp;&nbsp;&nbsp;&nbsp;&nbsp;&nbsp; corretta e completa esecuzione di incarichi e commesse;<\/p>\r\n\r\n<p>b.&nbsp;&nbsp;&nbsp;&nbsp;&nbsp;&nbsp;&nbsp;&nbsp;&nbsp;&nbsp;&nbsp;&nbsp; finalit\u00e0 amministrativo\/contabili;<\/p>\r\n\r\n<p>c.&nbsp;&nbsp;&nbsp;&nbsp;&nbsp;&nbsp;&nbsp;&nbsp;&nbsp;&nbsp;&nbsp;&nbsp;&nbsp; conformit\u00e0 con la normativa applicabile (congiuntamente al punto \u201cA\u201d definite &#8220;Finalit\u00e0 Contrattuali&#8221;);<\/p>\r\n\r\n<p>d.&nbsp;&nbsp;&nbsp;&nbsp;&nbsp;&nbsp;&nbsp;&nbsp;&nbsp;&nbsp;&nbsp;&nbsp; per far valere e difendere i propri diritti, anche nell&#8217;ambito di procedure di recupero crediti, anche attraverso terze parti;<\/p>\r\n\r\n<p>e.&nbsp;&nbsp;&nbsp;&nbsp;&nbsp;&nbsp;&nbsp;&nbsp;&nbsp;&nbsp;&nbsp;&nbsp; per la segmentazione dei Clienti per tipologia o settore di interesse;<\/p>\r\n\r\n<p>(congiuntamente alla lettera \u201cD\u201d definita &#8220;Finalit\u00e0 di Interesse Legittimo&#8221;)<\/p>\r\n\r\n<p>f.&nbsp;&nbsp;&nbsp;&nbsp;&nbsp;&nbsp;&nbsp;&nbsp;&nbsp;&nbsp;&nbsp;&nbsp;&nbsp;&nbsp; nel caso in cui il Cliente abbia beneficiato dei servizi di OMAS o ne abbia fatto richiesta, per l&#8217;invio via email di comunicazioni professionali o promozionali, ivi compresi eventi formativi organizzati da OMAS, fermo restando che il Cliente potr\u00e0 al momento del conferimento dell&#8217;incarico e in ogni momento successivo richiedere di non ricevere pi\u00f9 comunicazioni commerciali con &#8220;Finalit\u00e0 di Marketing&#8221;.<\/p>\r\n\r\n<p>&nbsp;<\/p>\r\n\r\n<p><strong>3. Basi giuridiche del trattamento dei dati personali <\/strong><\/p>\r\n\r\n<p>Il trattamento dei Dati Personali \u00e8 necessario con riferimento alle Finalit\u00e0 Contrattuali data la sua essenzialit\u00e0 al fine di:<\/p>\r\n\r\n<p>\u2022&nbsp;&nbsp;&nbsp;&nbsp;&nbsp;&nbsp;&nbsp;&nbsp;&nbsp;&nbsp;&nbsp;&nbsp;&nbsp;&nbsp; dare esecuzione all&#8217;incarico o commessa ricevuta;<\/p>\r\n\r\n<p>\u2022&nbsp;&nbsp;&nbsp;&nbsp;&nbsp;&nbsp;&nbsp;&nbsp;&nbsp;&nbsp;&nbsp;&nbsp;&nbsp;&nbsp; adeguarsi alla disposizioni della normativa applicabile;<\/p>\r\n\r\n<p>&nbsp;<\/p>\r\n\r\n<p>Il trattamento dei Dati Personali per le Finalit\u00e0 di Interesse Legittimo \u00e8 effettuato ai sensi dell&#8217;articolo 6, lettere f), del Regolamento (UE) 679\/2016 sulla protezione dei dati personali (&#8220;Regolamento Privacy&#8221;) per il perseguimento dell&#8217;interesse legittimo di OMAS che \u00e8 equamente bilanciato con l&#8217;interesse del Cliente, in quanto l&#8217;attivit\u00e0 di trattamento dei dati personali \u00e8 limitata a quanto strettamente necessario per l&#8217;esecuzione di tali attivit\u00e0 e la segmentazione \u00e8 svolta solo nei limiti sopra indicati. Il trattamento per le Finalit\u00e0 di Interesse Legittimo non \u00e8 obbligatorio e il Cliente potr\u00e0 opporsi a detto trattamento con le modalit\u00e0 di cui alla presente informativa e in tale caso OMAS non potr\u00e0 trattare i Dati Personali per tale finalit\u00e0, a meno che OMAS dimostri la presenza di motivi legittimi prevalenti.<\/p>\r\n\r\n<p>Infine, il trattamento \u00e8 facoltativo per le Finalit\u00e0 di Marketing.<\/p>\r\n\r\n<p>Qualora il Cliente, in conformit\u00e0 con l&#8217;articolo 130 del D. Lgs. 196\/2003, richieda di non ricevere comunicazioni commerciali da parte di OMAS, lo stesso non potr\u00e0 ricevere comunicazioni sulle iniziative e servizi offerti da OMAS.<\/p>\r\n\r\n<p>&nbsp;<\/p>\r\n\r\n<p><strong>4. Modalit\u00e0 del trattamento dei Dati Personali<\/strong><\/p>\r\n\r\n<p>I Dati Personali possono essere trattati con strumenti manuali o informatici, idonei a garantirne la sicurezza, la riservatezza e ad evitare accessi non autorizzati, diffusione, modifiche e sottrazioni dei dati grazie all&#8217;adozione di adeguate misure di sicurezza tecniche, fisiche ed organizzative.<\/p>\r\n\r\n<p>&nbsp;<\/p>\r\n\r\n<p><strong>5. Ambito di comunicazione e diffusione dei dati<\/strong><\/p>\r\n\r\n<p>Per le Finalit\u00e0 Contrattuali di cui sopra, i Dati Personali possono essere trasferiti alle seguenti categorie di destinatari, situati all&#8217;interno e, entro i limiti di cui alla Sezione 8 di seguito, al di fuori dell&#8217;Unione Europea: (a) terzi fornitori di servizi di assistenza e consulenza per OMAS con riferimento alle attivit\u00e0 dei settori (a titolo meramente esemplificativo) tecnologico, contabile, amministrativo, legale, assicurativo, IT;<\/p>\r\n\r\n<p>b) controparti ed i relativi difensori;<\/p>\r\n\r\n<p>&nbsp;c) soggetti ed autorit\u00e0 il cui diritto di accesso ai Dati Personali \u00e8 espressamente riconosciuto dalla legge, da regolamenti o da provvedimenti emanati dalle autorit\u00e0 competenti;<\/p>\r\n\r\n<p>d) societ\u00e0 partecipate o controllate da OMAS.<\/p>\r\n\r\n<p>Per le Finalit\u00e0 di Interesse Legittimo di cui sopra, i Dati Personali possono essere trasferiti alle seguenti categorie di destinatari, situati all&#8217;interno e, entro i limiti di cui alla Sezione 8 di seguito, al di fuori dell&#8217;Unione Europea:<\/p>\r\n\r\n<p>(a) terzi fornitori di servizi di assistenza e consulenza per OMAS con riferimento alle attivit\u00e0 di recupero e cessione crediti;<\/p>\r\n\r\n<p>(b) societ\u00e0 partecipate o controllate da OMAS;<\/p>\r\n\r\n<p>&nbsp;(c) autorit\u00e0 competenti.<\/p>\r\n\r\n<p>Per le Finalit\u00e0 di Marketing di cui sopra, i Dati Personali possono essere trasferiti alle seguenti categorie di destinatari, situati all&#8217;interno e, entro i limiti di cui alla Sezione 8 di seguito, al di fuori dell&#8217;Unione Europea:<\/p>\r\n\r\n<p>(a) terzi fornitori di servizi di assistenza e consulenza per OMAS con riferimento alle attivit\u00e0 di invio delle comunicazioni commerciali;<\/p>\r\n\r\n<p>(b) gli Uffici OMAS.<\/p>\r\n\r\n<p>Una lista completa dei responsabili \u00e8 reperibile, su richiesta, attraverso le modalit\u00e0 indicate alla presente informativa.<\/p>\r\n\r\n<p>&nbsp;<\/p>\r\n\r\n<p><strong>6. Trasferimento dei dati all\u2019estero<\/strong><\/p>\r\n\r\n<p>I Dati Personali potranno essere trasferiti fuori dal territorio nazionale a Paesi situati nell\u2019Unione Europea, ma potrebbero essere trasferiti anche al di fuori dell\u2019Unione europea. Con riferimento ai trasferimenti al di fuori del territorio dell&#8217;Unione Europea verso Paesi non considerati adeguati dalla Commissione europea, OMAS adotta le misure di sicurezza adatte ed appropriate per proteggere i Dati Personali. Conseguentemente l&#8217;eventuale trasferimento dei Dati Personali in Paesi situati al di fuori dell\u2019Unione Europea avverr\u00e0, in ogni caso, nel rispetto delle garanzie appropriate e opportune ai fini del trasferimento stesso, come le clausole contrattuali tipo di protezione dei dati, ai sensi della normativa applicabile e in particolare degli articoli 45 e 46 del Regolamento Privacy.<\/p>\r\n\r\n<p>Ad ogni modo, il Cliente ha il diritto di ottenere il riferimento alle garanzie appropriate o opportune adottate per il trasferimento dei Dati Personali e i mezzi per ottenere una copia di tali Dati Personali o il luogo dove sono stati resi disponibili.<\/p>\r\n\r\n<p>&nbsp;<\/p>\r\n\r\n<p><strong>7. Diritti dell\u2019interessato<\/strong><\/p>\r\n\r\n<p>Il Cliente pu\u00f2, in ogni momento e gratuitamente, mandare una richiesta di contatto all&#8217;indirizzo&nbsp;mail&nbsp;<a href=\"mailto:privacy@omasindustries.com\">privacy@omasindustries.com<\/a>&nbsp;per esercitare i seguenti diritti:<\/p>\r\n\r\n<p>a.&nbsp;&nbsp;&nbsp;&nbsp;&nbsp;&nbsp;&nbsp;&nbsp;&nbsp;&nbsp;&nbsp;&nbsp; ottenere da OMAS la conferma dell&#8217;esistenza di dati che lo riguardano ed essere informato circa il contenuto, verificarne l&#8217;accuratezza e richiederne l&#8217;integrazione, aggiornamento o modifica;<\/p>\r\n\r\n<p>b.&nbsp;&nbsp;&nbsp;&nbsp;&nbsp;&nbsp;&nbsp;&nbsp;&nbsp;&nbsp;&nbsp;&nbsp; ottenere la cancellazione, la trasformazione in forma anonima o il blocco dei dati eventualmente trattati in violazione della legge applicabile;<\/p>\r\n\r\n<p>c.&nbsp;&nbsp;&nbsp;&nbsp;&nbsp;&nbsp;&nbsp;&nbsp;&nbsp;&nbsp;&nbsp;&nbsp;&nbsp; opporsi in tutto o in parte, per motivi legittimi, al trattamento;<\/p>\r\n\r\n<p>d.&nbsp;&nbsp;&nbsp;&nbsp;&nbsp;&nbsp;&nbsp;&nbsp;&nbsp;&nbsp;&nbsp;&nbsp; revocare, in qualsiasi momento, il consenso al trattamento dei dati (in relazione ai trattamenti per cui tale consenso \u00e8 eventualmente necessario), senza che ci\u00f2 pregiudichi in alcun modo la liceit\u00e0 del trattamento basato sul consenso prestato prima della revoca.<\/p>\r\n\r\n<p>&nbsp;<\/p>\r\n\r\n<p><strong>8. Termini di conservazione dei dati<\/strong><\/p>\r\n\r\n<p>I Dati Personali saranno conservati per il periodo di tempo necessario per il perseguimento delle finalit\u00e0 per cui tali dati sono stati raccolti, come affermato in questa informativa. In ogni caso i seguenti termini di conservazione si applicheranno con riferimento ai trattamenti dei Dati Personali per le finalit\u00e0 riportate di seguito:<\/p>\r\n\r\n<p>\u2022&nbsp;&nbsp;&nbsp;&nbsp;&nbsp;&nbsp;&nbsp;&nbsp;&nbsp;&nbsp;&nbsp;&nbsp;&nbsp;&nbsp; per le \u201cFinalit\u00e0 Contrattuali\u201d e di \u201cInteresse Legittimo\u201d i Dati Personali vengono conservati per un periodo pari alla durata dell&#8217;incarico o della commessa (ivi inclusi eventuali rinnovi) e per i 10 anni successivi al termine, risoluzione o recesso dallo stesso, fatti salvi i casi in cui la conservazione per un periodo successivo sia richiesta per eventuali contenziosi, richieste delle autorit\u00e0 competenti o ai sensi della normativa applicabile;<\/p>\r\n\r\n<p>\u2022&nbsp;&nbsp;&nbsp;&nbsp;&nbsp;&nbsp;&nbsp;&nbsp;&nbsp;&nbsp;&nbsp;&nbsp;&nbsp;&nbsp; per le \u201cFinalit\u00e0 di Marketing\u201d relative all&#8217;invio di comunicazioni commerciali i Dati Personali vengono conservati fino a 24 mesi successivi all&#8217;ultimo contatto con OMAS inteso come ultimo incarico attribuito, partecipazione ad eventi o iniziative organizzate dallo OMAS o apertura di comunicazioni commerciali inviate da OMAS, fermo restando che il Cliente potr\u00e0 in ogni momento richiedere di non ricevere pi\u00f9 comunicazioni commerciali dallo OMAS.<\/p>\r\n\r\n<p>&nbsp;<\/p>\r\n\r\n<p><strong>9. Modifiche ed aggiornamenti<\/strong><\/p>\r\n\r\n<p>La presente informativa pu\u00f2 essere soggetta a modifiche ed integrazioni, anche quale conseguenza dell&#8217;aggiornamento della normativa sul trattamento dei dati personali applicabile. Le modifiche saranno notificate in anticipo e i Clienti potranno visionare il testo dell&#8217;Informativa costantemente aggiornata al seguente link <a href=\"http:\/\/omasindustries.com\/privacy-policy\">http:\/\/omasindustries.com\/privacy-policy<\/a> .<\/p><\/div>\n<\/section>\n","protected":false},"excerpt":{"rendered":"","protected":false},"author":1,"featured_media":0,"parent":0,"menu_order":0,"comment_status":"closed","ping_status":"closed","template":"template-base-page.php","meta":{"_acf_changed":false,"footnotes":""},"class_list":["post-1725","page","type-page","status-publish","hentry"],"acf":[],"yoast_head":"<!-- This site is optimized with the Yoast SEO plugin v23.9 - https:\/\/yoast.com\/wordpress\/plugins\/seo\/ -->\n<title>Privacy Policy e Whistleblowing - Omas S.r.l.<\/title>\n<meta name=\"robots\" content=\"noindex, follow, max-snippet:-1, max-image-preview:large, max-video-preview:-1\" \/>\n<meta property=\"og:locale\" content=\"it_IT\" \/>\n<meta property=\"og:type\" content=\"article\" \/>\n<meta property=\"og:title\" content=\"Privacy Policy e Whistleblowing - Omas S.r.l.\" \/>\n<meta property=\"og:url\" content=\"https:\/\/staging.omas.we-dev.it\/it\/privacy-policy-e-whistleblowing\/\" \/>\n<meta property=\"og:site_name\" content=\"Omas S.r.l.\" \/>\n<meta property=\"article:publisher\" content=\"https:\/\/www.facebook.com\/Omas.Industries\/\" \/>\n<meta property=\"article:modified_time\" content=\"2025-03-11T16:32:20+00:00\" \/>\n<meta name=\"twitter:card\" content=\"summary_large_image\" \/>\n<!-- \/ Yoast SEO plugin. -->","yoast_head_json":{"title":"Privacy Policy e Whistleblowing - Omas S.r.l.","robots":{"index":"noindex","follow":"follow","max-snippet":"max-snippet:-1","max-image-preview":"max-image-preview:large","max-video-preview":"max-video-preview:-1"},"og_locale":"it_IT","og_type":"article","og_title":"Privacy Policy e Whistleblowing - Omas S.r.l.","og_url":"https:\/\/staging.omas.we-dev.it\/it\/privacy-policy-e-whistleblowing\/","og_site_name":"Omas S.r.l.","article_publisher":"https:\/\/www.facebook.com\/Omas.Industries\/","article_modified_time":"2025-03-11T16:32:20+00:00","twitter_card":"summary_large_image","schema":{"@context":"https:\/\/schema.org","@graph":[{"@type":"WebPage","@id":"https:\/\/staging.omas.we-dev.it\/it\/privacy-policy-e-whistleblowing\/","url":"https:\/\/staging.omas.we-dev.it\/it\/privacy-policy-e-whistleblowing\/","name":"Privacy Policy e Whistleblowing - Omas S.r.l.","isPartOf":{"@id":"https:\/\/staging.omas.we-dev.it\/it\/#website"},"datePublished":"2025-03-11T15:52:36+00:00","dateModified":"2025-03-11T16:32:20+00:00","breadcrumb":{"@id":"https:\/\/staging.omas.we-dev.it\/it\/privacy-policy-e-whistleblowing\/#breadcrumb"},"inLanguage":"it-IT","potentialAction":[{"@type":"ReadAction","target":["https:\/\/staging.omas.we-dev.it\/it\/privacy-policy-e-whistleblowing\/"]}]},{"@type":"BreadcrumbList","@id":"https:\/\/staging.omas.we-dev.it\/it\/privacy-policy-e-whistleblowing\/#breadcrumb","itemListElement":[{"@type":"ListItem","position":1,"name":"Home","item":"https:\/\/staging.omas.we-dev.it\/it\/"},{"@type":"ListItem","position":2,"name":"Privacy Policy e Whistleblowing"}]},{"@type":"WebSite","@id":"https:\/\/staging.omas.we-dev.it\/it\/#website","url":"https:\/\/staging.omas.we-dev.it\/it\/","name":"Omas S.r.l.","description":"","publisher":{"@id":"https:\/\/staging.omas.we-dev.it\/it\/#organization"},"potentialAction":[{"@type":"SearchAction","target":{"@type":"EntryPoint","urlTemplate":"https:\/\/staging.omas.we-dev.it\/it\/?s={search_term_string}"},"query-input":{"@type":"PropertyValueSpecification","valueRequired":true,"valueName":"search_term_string"}}],"inLanguage":"it-IT"},{"@type":"Organization","@id":"https:\/\/staging.omas.we-dev.it\/it\/#organization","name":"Omas Industries Srl","url":"https:\/\/staging.omas.we-dev.it\/it\/","logo":{"@type":"ImageObject","inLanguage":"it-IT","@id":"https:\/\/staging.omas.we-dev.it\/it\/#\/schema\/logo\/image\/","url":"https:\/\/staging.omas.we-dev.it\/app\/uploads\/2025\/04\/omas_industries_logo.png","contentUrl":"https:\/\/staging.omas.we-dev.it\/app\/uploads\/2025\/04\/omas_industries_logo.png","width":"392","height":"129","caption":"Omas Industries Srl"},"image":{"@id":"https:\/\/staging.omas.we-dev.it\/it\/#\/schema\/logo\/image\/"},"sameAs":["https:\/\/www.facebook.com\/Omas.Industries\/","https:\/\/www.linkedin.com\/company\/omas-srl\/"]}]}},"_links":{"self":[{"href":"https:\/\/staging.omas.we-dev.it\/it\/wp-json\/wp\/v2\/pages\/1725","targetHints":{"allow":["GET"]}}],"collection":[{"href":"https:\/\/staging.omas.we-dev.it\/it\/wp-json\/wp\/v2\/pages"}],"about":[{"href":"https:\/\/staging.omas.we-dev.it\/it\/wp-json\/wp\/v2\/types\/page"}],"author":[{"embeddable":true,"href":"https:\/\/staging.omas.we-dev.it\/it\/wp-json\/wp\/v2\/users\/1"}],"replies":[{"embeddable":true,"href":"https:\/\/staging.omas.we-dev.it\/it\/wp-json\/wp\/v2\/comments?post=1725"}],"version-history":[{"count":9,"href":"https:\/\/staging.omas.we-dev.it\/it\/wp-json\/wp\/v2\/pages\/1725\/revisions"}],"predecessor-version":[{"id":1740,"href":"https:\/\/staging.omas.we-dev.it\/it\/wp-json\/wp\/v2\/pages\/1725\/revisions\/1740"}],"wp:attachment":[{"href":"https:\/\/staging.omas.we-dev.it\/it\/wp-json\/wp\/v2\/media?parent=1725"}],"curies":[{"name":"wp","href":"https:\/\/api.w.org\/{rel}","templated":true}]}}