{"id":4467,"date":"2025-03-11T16:52:36","date_gmt":"2025-03-11T15:52:36","guid":{"rendered":"https:\/\/staging.omas.we-dev.it\/privacy-policy-e-whistleblowing\/"},"modified":"2025-05-16T12:31:16","modified_gmt":"2025-05-16T10:31:16","slug":"privacy-policy","status":"publish","type":"page","link":"https:\/\/staging.omas.we-dev.it\/es\/privacy-policy\/","title":{"rendered":"Privacy Policy"},"content":{"rendered":"<section class=\"free-html\">\n  <div><div class=\"col-12 col-lg-8\">\r\n        <p>OMAS S.R.L. (en adelante \u00abOMAS\u00bb), con sede en Via Fornace seconda strada, 1 Arsego &#8211; San Giorgio delle Pertiche &#8211; 35010 San Giorgio delle Pertiche, Padova (Italia), con la cual se puede contactar por correo electr\u00f3nico&nbsp;a esta direcci\u00f3n <a href=\"mailto:privacy@omasindustries.com\">privacy@omasindustries.com<\/a>, gestiona en calidad de responsable del tratamiento los datos personales proporcionados, directa o indirectamente, tambi\u00e9n a trav\u00e9s de sus propios colaboradores, clientes, proveedores, contactos o clientes potenciales (en adelante definidos conjuntamente como \u00abClientes\u00bb) conforme a la presente declaraci\u00f3n sobre el tratamiento de los datos personales.<\/p>\r\n\r\n<p>&nbsp;<\/p>\r\n\r\n<p><strong>1. Datos personales tratados &#038;ZeroWidthSpace;&#038;ZeroWidthSpace;por OMAS<\/strong><\/p>\r\n\r\n<p>OMAS recopila los siguientes tipos de datos personales:<\/p>\r\n\r\n<p>\u2022 datos de contacto del Cliente o de los empleados del Cliente en caso de que \u00e9ste \u00faltimo sea una persona jur\u00eddica;<\/p>\r\n\r\n<p>\u2022 datos funcionales y de identificaci\u00f3n del Cliente de cara a los controles necesarios en cumplimiento de la normativa aplicable, incluida la normativa en materia de prevenci\u00f3n de blanqueo de capitales;<\/p>\r\n\r\n<p>\u2022 informaci\u00f3n proporcionada por el Cliente referente al encargo\/cometido confiado a OMAS.<\/p>\r\n\r\n<p>(en adelante definidos de forma conjunta como \u00abDatos Personales\u00bb).<\/p>\r\n\r\n<p>&nbsp;<\/p>\r\n\r\n<p><strong>2. Finalidad del tratamiento de los Datos Personales<\/strong><\/p>\r\n\r\n<p>OMAS trata los Datos Personales con los siguientes prop\u00f3sitos:<\/p>\r\n\r\n<ol style=\"list-style-type:lower-alpha;\">\r\n\t<li>la correcta y completa ejecuci\u00f3n de encargos y pedidos;<\/li>\r\n\t<li>a efectos administrativos\/contables;<\/li>\r\n\t<li>en cumplimiento de la normativa aplicable (conjuntamente con el punto \u00abA\u00bb definidas como \u00abProp\u00f3sitos Contractuales\u00bb);<\/li>\r\n\t<li>para hacer valer y defender los propios derechos, tanto dentro del \u00e1mbito de los procedimientos de recuperaci\u00f3n de cr\u00e9ditos, como tambi\u00e9n a trav\u00e9s de terceros;<\/li>\r\n\t<li>para la segmentaci\u00f3n de los Clientes por tipolog\u00eda o campo de inter\u00e9s;<\/li>\r\n<\/ol>\r\n\r\n<p>(conjuntamente a la letra \u00abD\u00bb definida como \u00abFines de Inter\u00e9s Leg\u00edtimo\u00bb)<\/p>\r\n\r\n<ol style=\"list-style-type:lower-alpha;\">\r\n\t<li value=\"6\">en el caso en el que el Cliente se haya beneficiado de los servicios de OMAS o haya hecho alguna solicitud para el env\u00edo, v\u00eda email, de informaci\u00f3n profesional o promocional, incluidos eventos formativos organizados por OMAS, sin perjuicio de que el Cliente podr\u00e1, en el momento de la prestaci\u00f3n del servicio y en cualquier momento posterior, solicitar dejar de recibir informaci\u00f3n comercial con \u00abFines de <em>Marketing<\/em>\u00bb.<\/li>\r\n<\/ol>\r\n\r\n<p>&nbsp;<\/p>\r\n\r\n<p><strong>3. Fundamentos jur\u00eddicos para el tratamiento de datos personales <\/strong><\/p>\r\n\r\n<p>El tratamiento de los Datos Personales es necesario para el cumplimiento de los Prop\u00f3sitos Contractuales por su car\u00e1cter esencial de cara a:<\/p>\r\n\r\n<p>\u2022 ejecutar el contrato o encargo recibido;<\/p>\r\n\r\n<p>\u2022&nbsp;adecuarse a las disposiciones de la normativa aplicable;<\/p>\r\n\r\n<p>&nbsp;<\/p>\r\n\r\n<p>El tratamiento de Datos Personales con Fines de Inter\u00e9s Leg\u00edtimo se realiza de acuerdo al art\u00edculo 6, letra f), del Reglamento (UE) 679\/2016 sobre protecci\u00f3n de datos de car\u00e1cter personal (\u00abReglamento de Confidencialidad\u00bb) en b\u00fasqueda del inter\u00e9s leg\u00edtimo de OMAS, alineado equitativamente con los intereses del Cliente, dado que la actividad del tratamiento de datos personales est\u00e1 limitada a lo estrictamente necesario para la correcta ejecuci\u00f3n de dichas actividades y la segmentaci\u00f3n se realiza solo dentro de los l\u00edmites arriba indicados. El tratamiento de los datos con Fines de Inter\u00e9s Leg\u00edtimo no es obligatorio y el Cliente podr\u00e1 oponerse a dicho tratamiento a trav\u00e9s de las modalidades que ofrece la presente declaraci\u00f3n y, en tal caso, OMAS no podr\u00e1 tratar los Datos Personales con tal prop\u00f3sito, a no ser que OMAS demuestre la presencia de razones leg\u00edtimas que prevalezcan.<\/p>\r\n\r\n<p>En conclusi\u00f3n, el tratamiento de datos es opcional de cara a Fines de <em>Marketing.<\/em><\/p>\r\n\r\n<p>En caso de que el Cliente, conforme al art\u00edculo 130 de la Decreto Legislativo 196\/2003, exija no recibir informaci\u00f3n comercial por parte de OMAS, del mismo modo no podr\u00e1 recibir informaci\u00f3n sobre las iniciativas y servicios ofrecidos por OMAS.<\/p>\r\n\r\n<p>&nbsp;<\/p>\r\n\r\n<p><strong>4. Modalidades de tratamiento de Datos Personales<\/strong><\/p>\r\n\r\n<p>Los Datos Personales pueden ser tratados con instrumentos manuales o inform\u00e1ticos, id\u00f3neos para garantizar la seguridad, el secreto y evitar accesos no autorizados, difusi\u00f3n, modificaciones y sustracci\u00f3n de datos gracias a la adopci\u00f3n de &nbsp;las adecuadas medidas de seguridad t\u00e9cnicas , f\u00edsicas y organizativas.<\/p>\r\n\r\n<p>&nbsp;<\/p>\r\n\r\n<p><strong>5. \u00c1mbito de comunicaci\u00f3n y difusi\u00f3n de los datos<\/strong><\/p>\r\n\r\n<p>De cara a los Prop\u00f3sitos Contractuales arriba mencionados, los datos personales se pueden transferir a las siguientes categor\u00edas de destinatarios, situados en el interior y, dentro de los l\u00edmites indicados en la Secci\u00f3n 8 , fuera de la Uni\u00f3n Europea:<\/p>\r\n\r\n<p>a) terceros proveedores de servicios de asistencia y consultor\u00eda para OMAS en lo referente a los campos (meramente a t\u00edtulo de ejemplo) tecnol\u00f3gico, contabilidad, administrativo, legal, seguros, IT;<\/p>\r\n\r\n<p>b) partes contrarias y sus correspondientes defensas;<\/p>\r\n\r\n<p>&nbsp;c)sujetos y autoridades cuyo derecho de acceso a los Datos Personales est\u00e1 expresamente reconocido por la ley, por los reglamentos o por medidas adoptadas por las autoridades competentes;<\/p>\r\n\r\n<p>d) sociedades participadas o controladas por OMAS.<\/p>\r\n\r\n<p>De cara a los Fines de Inter\u00e9s Leg\u00edtimo arriba mencionados, los Datos Personales se pueden transferir a las siguientes categor\u00edas de destinatarios, situados en el interior y, dentro de los l\u00edmites indicados en la Secci\u00f3n 8 , fuera de la Uni\u00f3n Europea:<\/p>\r\n\r\n<p>a) terceros proveedores de servicios de asistencia y consultor\u00eda para OMAS con respecto a las actividades de recuperaci\u00f3n y cesi\u00f3n de cr\u00e9ditos;<\/p>\r\n\r\n<p>b) sociedades participadas o controladas por OMAS;<\/p>\r\n\r\n<p>c) autoridades competentes.<\/p>\r\n\r\n<p>De cara a los Fines de <em>Marketing<\/em> arriba mencionados, los Datos Personales se pueden transferir a las siguientes categor\u00edas de destinatarios, situados en el interior y, dentro de los l\u00edmites indicados en la Secci\u00f3n 8 , fuera de la Uni\u00f3n Europea:<\/p>\r\n\r\n<p>a) terceros proveedores de servicios de asistencia y consultor\u00eda para OMAS en lo referente a actividades de env\u00edo de informaci\u00f3n comercial;<\/p>\r\n\r\n<p>b) las Oficinas OMAS.<\/p>\r\n\r\n<p>Es posible facilitar una lista completa de los responsables, bajo petici\u00f3n, a trav\u00e9s de las diferentes modalidades indicadas en la presente declaraci\u00f3n.<\/p>\r\n\r\n<p>&nbsp;<\/p>\r\n\r\n<p><strong>6. Transferencia de datos al extranjero<\/strong><\/p>\r\n\r\n<p>Los Datos Personales podr\u00e1n ser transferidos fuera del territorio nacional a pa\u00edses situados en la Uni\u00f3n Europea, pero tambi\u00e9n podr\u00edan ser transferidos fuera de la Uni\u00f3n Europea. En lo referente a los datos transferidos fuera del territorio de la Uni\u00f3n Europea hacia pa\u00edses considerados como no adecuados por la Comisi\u00f3n Europea, OMAS adopta las medidas de seguridad acordes y apropiadas con el fin de proteger los Datos Personales. En consecuencia la eventual transferencia de los Datos Personales a pa\u00edses situados fuera de la Uni\u00f3n Europea tendr\u00e1 lugar, en todo caso, respetando las garant\u00edas apropiadas y oportunas a los fines de la transferencia en s\u00ed, como las cla\u00fasulas contractuales tipo de protecci\u00f3n de datos, conforme a la normativa aplicable y en particular a los art\u00edculos 45 y 46 del Reglamento de Confidencialidad.<\/p>\r\n\r\n<p>En todo caso, el Cliente tiene derecho a obtener la informaci\u00f3n referente a las garant\u00edas apropiadas u oportunas adoptadas para la transferencia de los Datos Personales as\u00ed como informaci\u00f3n de los medios utilizados para obtener una copia de tales Datos Personales o el lugar donde est\u00e1n disponibles.<\/p>\r\n\r\n<p>&nbsp;<\/p>\r\n\r\n<p><strong>7. Derechos del interesado<\/strong><\/p>\r\n\r\n<p>El Cliente podr\u00e1, en cualquier momento y de forma gratuita, enviar&nbsp;una solicitud a la siguiente direcci\u00f3n <a href=\"mailto:privacy@omasindustries.com\">privacy@omasindustries.com<\/a>&nbsp;para ejercer los siguientes derechos:<\/p>\r\n\r\n<p>a. obtener de OMAS la confirmaci\u00f3n de la existencia de datos suyos y ser informado acerca del contenido, verificar su exactitud y solicitar la inclusi\u00f3n, actualizaci\u00f3n o modificaci\u00f3n;<\/p>\r\n\r\n<p>b.&nbsp;obtener la cancelaci\u00f3n, la transformaci\u00f3n de forma an\u00f3nima o el bloqueo de los datos eventualmente tratados infringiendo la ley aplicable;<\/p>\r\n\r\n<p>c.&nbsp;oponerse en todo o en parte, por razones leg\u00edtimas, al tratamiento;<\/p>\r\n\r\n<p>d.&nbsp;revocar, en cualquier momento, el consentimiento al tratamiento de los datos (en relaci\u00f3n a los tratamientos para los cuales dicho consentimiento sea eventualmente necesario), sin que por ello se vea afectada en modo alguno la licitidad del tratamiento basado sobre el consentimiento prestado antes de la revocaci\u00f3n.<\/p>\r\n\r\n<p>&nbsp;<\/p>\r\n\r\n<p><strong>8. T\u00e9rminos para la conservaci\u00f3n de datos<\/strong><\/p>\r\n\r\n<p>Los Datos Personales ser\u00e1n conservados durante el per\u00edodo de tiempo necesario para alcanzar los objetivos para los cuales fueron recogidos, tal y como se indica en esta declaraci\u00f3n. En cualquier caso los siguientes t\u00e9rminos de conservaci\u00f3n se aplicar\u00e1n en relaci\u00f3n al tratamiento de los Datos Personales con los fines recogidos a continuaci\u00f3n:<\/p>\r\n\r\n<p>\u2022 con \u00abProp\u00f3sitos Contractuales\u00bb y de \u00abInter\u00e9s Leg\u00edtimo\u00bb los Datos Personales son conservados durante un per\u00edodo igual a la duraci\u00f3n del encargo o del contrato (incluidas eventuales renovaciones) y durante los 10 a\u00f1os sucesivos a la finalizaci\u00f3n, resoluci\u00f3n o rescisi\u00f3n del mismo, a excepci\u00f3n de los casos en los que la conservaci\u00f3n por un per\u00edodo superior sea solicitada de cara a posibles litigios, requerimientos por parte de las autoridades competentes o conforme a la norma aplicable;<\/p>\r\n\r\n<p>\u2022&nbsp;con \u00abFines de <em>Marketing<\/em>\u00bb relativos al env\u00edo de informaci\u00f3n comercial los Datos Personales son conservados durante los 24 meses posteriores al \u00faltimo contacto con OMAS, entendido dicho contacto como el \u00faltimo encargo solicitado, participaci\u00f3n en eventos o iniciativas organizadas por OMAS, sin perjuicio de que el Cliente podr\u00e1 en todo momento solicitar dejar de recibir m\u00e1s informaci\u00f3n comercial de OMAS.<\/p>\r\n\r\n<p>&nbsp;<\/p>\r\n\r\n<p><strong>9. Modificaciones y actualizaciones<\/strong><\/p>\r\n\r\n<p>La presente declaraci\u00f3n puede estar sujeta a modificaciones y adiciones, tambi\u00e9n como consecuencia de la actualizaci\u00f3n de la normativa aplicable relativa al tratamiento de datos personales. Las modificaciones ser\u00e1n notificadas con antelaci\u00f3n y los Clientes podr\u00e1n visualizar el texto de la Declaraci\u00f3n, siempre actualizada, en el siguiente enlace <a href=\"http:\/\/omasindustries.com\/privacy-policy\">http:\/\/omasindustries.com\/es\/privacy-policy<\/a>.<\/p>\r\n      <\/div><\/div>\n<\/section>\n","protected":false},"excerpt":{"rendered":"","protected":false},"author":1,"featured_media":0,"parent":0,"menu_order":0,"comment_status":"closed","ping_status":"closed","template":"template-base-page.php","meta":{"_acf_changed":false,"footnotes":""},"class_list":["post-4467","page","type-page","status-publish","hentry"],"acf":[],"yoast_head":"<!-- This site is optimized with the Yoast SEO plugin v23.9 - https:\/\/yoast.com\/wordpress\/plugins\/seo\/ -->\n<title>Privacy Policy - Omas S.r.l.<\/title>\n<meta name=\"robots\" content=\"noindex, follow, max-snippet:-1, max-image-preview:large, max-video-preview:-1\" \/>\n<meta property=\"og:locale\" content=\"es_ES\" \/>\n<meta property=\"og:type\" content=\"article\" \/>\n<meta property=\"og:title\" content=\"Privacy Policy - Omas S.r.l.\" \/>\n<meta property=\"og:url\" content=\"https:\/\/staging.omas.we-dev.it\/es\/privacy-policy\/\" \/>\n<meta property=\"og:site_name\" content=\"Omas S.r.l.\" \/>\n<meta property=\"article:publisher\" content=\"https:\/\/www.facebook.com\/Omas.Industries\/\" \/>\n<meta property=\"article:modified_time\" content=\"2025-05-16T10:31:16+00:00\" \/>\n<meta name=\"twitter:card\" content=\"summary_large_image\" \/>\n<!-- \/ Yoast SEO plugin. -->","yoast_head_json":{"title":"Privacy Policy - Omas S.r.l.","robots":{"index":"noindex","follow":"follow","max-snippet":"max-snippet:-1","max-image-preview":"max-image-preview:large","max-video-preview":"max-video-preview:-1"},"og_locale":"es_ES","og_type":"article","og_title":"Privacy Policy - Omas S.r.l.","og_url":"https:\/\/staging.omas.we-dev.it\/es\/privacy-policy\/","og_site_name":"Omas S.r.l.","article_publisher":"https:\/\/www.facebook.com\/Omas.Industries\/","article_modified_time":"2025-05-16T10:31:16+00:00","twitter_card":"summary_large_image","schema":{"@context":"https:\/\/schema.org","@graph":[{"@type":"WebPage","@id":"https:\/\/staging.omas.we-dev.it\/es\/privacy-policy\/","url":"https:\/\/staging.omas.we-dev.it\/es\/privacy-policy\/","name":"Privacy Policy - Omas S.r.l.","isPartOf":{"@id":"https:\/\/staging.omas.we-dev.it\/es\/#website"},"datePublished":"2025-03-11T15:52:36+00:00","dateModified":"2025-05-16T10:31:16+00:00","breadcrumb":{"@id":"https:\/\/staging.omas.we-dev.it\/es\/privacy-policy\/#breadcrumb"},"inLanguage":"es-ES","potentialAction":[{"@type":"ReadAction","target":["https:\/\/staging.omas.we-dev.it\/es\/privacy-policy\/"]}]},{"@type":"BreadcrumbList","@id":"https:\/\/staging.omas.we-dev.it\/es\/privacy-policy\/#breadcrumb","itemListElement":[{"@type":"ListItem","position":1,"name":"Home","item":"https:\/\/staging.omas.we-dev.it\/es\/"},{"@type":"ListItem","position":2,"name":"Privacy Policy"}]},{"@type":"WebSite","@id":"https:\/\/staging.omas.we-dev.it\/es\/#website","url":"https:\/\/staging.omas.we-dev.it\/es\/","name":"Omas S.r.l.","description":"","publisher":{"@id":"https:\/\/staging.omas.we-dev.it\/es\/#organization"},"potentialAction":[{"@type":"SearchAction","target":{"@type":"EntryPoint","urlTemplate":"https:\/\/staging.omas.we-dev.it\/es\/?s={search_term_string}"},"query-input":{"@type":"PropertyValueSpecification","valueRequired":true,"valueName":"search_term_string"}}],"inLanguage":"es-ES"},{"@type":"Organization","@id":"https:\/\/staging.omas.we-dev.it\/es\/#organization","name":"Omas Industries Srl","url":"https:\/\/staging.omas.we-dev.it\/es\/","logo":{"@type":"ImageObject","inLanguage":"es-ES","@id":"https:\/\/staging.omas.we-dev.it\/es\/#\/schema\/logo\/image\/","url":"https:\/\/staging.omas.we-dev.it\/app\/uploads\/2025\/04\/omas_industries_logo.png","contentUrl":"https:\/\/staging.omas.we-dev.it\/app\/uploads\/2025\/04\/omas_industries_logo.png","width":"392","height":"129","caption":"Omas Industries Srl"},"image":{"@id":"https:\/\/staging.omas.we-dev.it\/es\/#\/schema\/logo\/image\/"},"sameAs":["https:\/\/www.facebook.com\/Omas.Industries\/","https:\/\/www.linkedin.com\/company\/omas-srl\/"]}]}},"_links":{"self":[{"href":"https:\/\/staging.omas.we-dev.it\/es\/wp-json\/wp\/v2\/pages\/4467","targetHints":{"allow":["GET"]}}],"collection":[{"href":"https:\/\/staging.omas.we-dev.it\/es\/wp-json\/wp\/v2\/pages"}],"about":[{"href":"https:\/\/staging.omas.we-dev.it\/es\/wp-json\/wp\/v2\/types\/page"}],"author":[{"embeddable":true,"href":"https:\/\/staging.omas.we-dev.it\/es\/wp-json\/wp\/v2\/users\/1"}],"replies":[{"embeddable":true,"href":"https:\/\/staging.omas.we-dev.it\/es\/wp-json\/wp\/v2\/comments?post=4467"}],"version-history":[{"count":3,"href":"https:\/\/staging.omas.we-dev.it\/es\/wp-json\/wp\/v2\/pages\/4467\/revisions"}],"predecessor-version":[{"id":5126,"href":"https:\/\/staging.omas.we-dev.it\/es\/wp-json\/wp\/v2\/pages\/4467\/revisions\/5126"}],"wp:attachment":[{"href":"https:\/\/staging.omas.we-dev.it\/es\/wp-json\/wp\/v2\/media?parent=4467"}],"curies":[{"name":"wp","href":"https:\/\/api.w.org\/{rel}","templated":true}]}}