{"id":2222,"date":"2024-10-31T14:29:21","date_gmt":"2024-10-31T13:29:21","guid":{"rendered":"https:\/\/omas.we-dev.it\/dove-siamo\/"},"modified":"2025-05-22T15:26:13","modified_gmt":"2025-05-22T13:26:13","slug":"donde-estamos","status":"publish","type":"page","link":"https:\/\/staging.omas.we-dev.it\/es\/donde-estamos\/","title":{"rendered":"D\u00f3nde estamos"},"content":{"rendered":"<div class=\"base-intro -bg-transparent -centered \" x-data>\n\n\t<div class=\"base-intro__container -centered\">\n\n    \n              <div class=\"base-intro__subtitle\" data-inview>\n          <span>D\u00f3nde estamos<\/span>\n        <\/div>\n                    <div class=\"base-intro__title\" data-inview>\n          <div data-split>Nuestra sede<\/div>\n        <\/div>\n      \n    \n          <div class=\"base-intro__description\" data-inview>A las afueras de Padua, rodeada por el verde de la campi\u00f1a v\u00e9neta, nuestra sede es moderna y tecnol\u00f3gica, donde la tradici\u00f3n y la innovaci\u00f3n se unen para revolucionar la industria molinera.<\/div>\n    \n\t\t\t<\/div>\n\n<\/div>\n\n\n\n<section class=\"block-image -contained\">\n  <div class=\"block-image__container\">\n    <template x-if=\"$store.layout.isMobile\">\n      \n\n\n\n\t<span\n    x-ref=\"$el\"\n    :class=\"[\n      'base-image',\n      lazy ? '-is-lazy' : '',\n      loaded ? '-is-loaded' : ''\n    ]\"\n    data-lazy=\"true\"\n    data-width=\"\"\n    data-height=\"\"\n    x-intersect.once=\"onintersect\"\n    x-data=\"image\"\n    style=\"--w: ; --h: ;\"\n    >\n\n  \t\t<picture class=\"base-image__picture\" x-ref=\"$picture\">\n\n\t\t\t\t\t\t\t<source media=\"(max-width: 767.9px)\" data-srcset=\"https:\/\/staging.omas.we-dev.it\/app\/uploads\/2024\/10\/rowmedia-image-1-300x177.jpg\" type=\"image\/webp\">\n\t\t\t\t<source media=\"(max-width: 767.9px)\" data-srcset=\"https:\/\/staging.omas.we-dev.it\/app\/uploads\/2024\/10\/rowmedia-image-1-300x177.jpg\" type=\"image\/jpeg\">\n\t\t\t\t\t\t\t<source media=\"(max-width: 1024px)\" data-srcset=\"https:\/\/staging.omas.we-dev.it\/app\/uploads\/2024\/10\/rowmedia-image-1-1024x604.jpg\" type=\"image\/webp\">\n\t\t\t\t<source media=\"(max-width: 1024px)\" data-srcset=\"https:\/\/staging.omas.we-dev.it\/app\/uploads\/2024\/10\/rowmedia-image-1-1024x604.jpg\" type=\"image\/jpeg\">\n\t\t\t\t\t\t<source data-srcset=\"https:\/\/staging.omas.we-dev.it\/app\/uploads\/2024\/10\/rowmedia-image-1.jpg\" type=\"image\/webp\">\n\t\t\t<source data-srcset=\"https:\/\/staging.omas.we-dev.it\/app\/uploads\/2024\/10\/rowmedia-image-1.jpg\" type=\"image\/jpeg\">\n\n\t\t\t\t\t\t\t<img x-ref=\"$image\" loading=\"lazy\" data-srcset=\"https:\/\/staging.omas.we-dev.it\/app\/uploads\/2024\/10\/rowmedia-image-1.jpg 1x, https:\/\/staging.omas.we-dev.it\/app\/uploads\/2024\/10\/rowmedia-image-1.jpg 2x, https:\/\/staging.omas.we-dev.it\/app\/uploads\/2024\/10\/rowmedia-image-1.jpg 3x, https:\/\/staging.omas.we-dev.it\/app\/uploads\/2024\/10\/rowmedia-image-1.jpg 4x\" data-src=\"https:\/\/staging.omas.we-dev.it\/app\/uploads\/2024\/10\/rowmedia-image-1.jpg\" alt=\"rowmedia-image-1\" width=\"\" height=\"\" @load.once=\"onload\">\n\t\t\t\n\t\t<\/picture>\n\t<\/span>\n    <\/template>\n    <template x-if=\"!$store.layout.isMobile\">\n      \n\n\n\n\t<span\n    x-ref=\"$el\"\n    :class=\"[\n      'base-image',\n      lazy ? '-is-lazy' : '',\n      loaded ? '-is-loaded' : ''\n    ]\"\n    data-lazy=\"true\"\n    data-width=\"2560\"\n    data-height=\"1618\"\n    x-intersect.once=\"onintersect\"\n    x-data=\"image\"\n    style=\"--w: 2560; --h: 1618;\"\n    >\n\n  \t\t<picture class=\"base-image__picture\" x-ref=\"$picture\">\n\n\t\t\t\t\t\t\t<source media=\"(max-width: 767.9px)\" data-srcset=\"https:\/\/staging.omas.we-dev.it\/app\/uploads\/2025\/05\/hero_dove-siamo-300x190.webp\" type=\"image\/webp\">\n\t\t\t\t<source media=\"(max-width: 767.9px)\" data-srcset=\"https:\/\/staging.omas.we-dev.it\/app\/uploads\/2025\/05\/hero_dove-siamo-300x190.jpg\" type=\"image\/jpeg\">\n\t\t\t\t\t\t\t<source media=\"(max-width: 1024px)\" data-srcset=\"https:\/\/staging.omas.we-dev.it\/app\/uploads\/2025\/05\/hero_dove-siamo-1024x647.webp\" type=\"image\/webp\">\n\t\t\t\t<source media=\"(max-width: 1024px)\" data-srcset=\"https:\/\/staging.omas.we-dev.it\/app\/uploads\/2025\/05\/hero_dove-siamo-1024x647.jpg\" type=\"image\/jpeg\">\n\t\t\t\t\t\t<source data-srcset=\"https:\/\/staging.omas.we-dev.it\/app\/uploads\/2025\/05\/hero_dove-siamo-scaled.webp\" type=\"image\/webp\">\n\t\t\t<source data-srcset=\"https:\/\/staging.omas.we-dev.it\/app\/uploads\/2025\/05\/hero_dove-siamo-scaled.jpg\" type=\"image\/jpeg\">\n\n\t\t\t\t\t\t\t<img x-ref=\"$image\" loading=\"lazy\" data-srcset=\"https:\/\/staging.omas.we-dev.it\/app\/uploads\/2025\/05\/hero_dove-siamo-scaled@1x.jpg 1x, https:\/\/staging.omas.we-dev.it\/app\/uploads\/2025\/05\/hero_dove-siamo-scaled@2x.jpg 2x, https:\/\/staging.omas.we-dev.it\/app\/uploads\/2025\/05\/hero_dove-siamo-scaled@3x.jpg 3x, https:\/\/staging.omas.we-dev.it\/app\/uploads\/2025\/05\/hero_dove-siamo-scaled@4x.jpg 4x\" data-src=\"https:\/\/staging.omas.we-dev.it\/app\/uploads\/2025\/05\/hero_dove-siamo-scaled.jpg\" alt=\"hero_dove-siamo\" width=\"2560\" height=\"1618\" @load.once=\"onload\">\n\t\t\t\n\t\t<\/picture>\n\t<\/span>\n    <\/template>\n  <\/div>\n<\/section>\n\n\n\n\n<section class=\"headquarter-block\" x-data=\"branchesMap\">\n\n  <div class=\"headquarter-block__inner\">\n\n    <div class=\"headquarter-block__content\">\n\n      <div class=\"headquarter-block__data -headquarter\">\n        <div class=\"headquarter-block__title\">Headquarters<\/div>\n        <div class=\"headquarter-block__address\">\n          <address>\n            <span class=\"headquarter-block__info\">Via Fornace seconda strada, 1<\/span>\n            <span class=\"headquarter-block__info\">\n                          <span class=\"headquarter-block__info\">35010<\/span> &#8211;\n                           <span class=\"headquarter-block__info\">Arsego di San Giorgio delle Pertiche<\/span>\n            <\/span>\n\n            <span class=\"headquarter-block__info\">Padua  &#8211; Italy<\/span>\n\n          <\/address>\n\n          \n\n<div class=\"\n    base-button\n    \n    \n    -arrow\n    \n    -split\n    -secondary\n    -color-red\n  \" x-data=\"button( true )\">\n\t\t\t<a href=\"https:\/\/www.google.com\/maps\/search\/Omas S.r.l.\/@45.5327741,11.8793538\" aria-label=\"Direcciones\" target=\"_blank\" class=\"base-button__wrapper\" aria-label=\"Direcciones\" @click=\"$dispatch('button-click')\"  >\n\t\t\t<span class=\"base-button__label\" x-ref=\"$label\">\n\t\t\t\t<span data-split=\"chars\" data-chars>Direcciones<\/span>\n\t\t\t<\/span>\n\t\t\t\t\t\t\t<span class=\"base-button__arrow\">\n\t\t\t\t\t  \n  <span class=\"base-icon\">\n<svg xmlns=\"http:\/\/www.w3.org\/2000\/svg\" version=\"1.1\" viewBox=\"0 0 16 16\">\n  <path d=\"M15.6,8.4l-3.2,3.2c-.2.2-.5.2-.7,0s-.2-.5,0-.7l2.3-2.3H.2v-1h13.8l-2.3-2.3c-.2-.2-.2-.5,0-.7s.5-.2.7,0l3.2,3.2c.2.2.2.5,0,.7Z\"\/>\n<\/svg>\n<\/span>\n\t\t\t\t<\/span>\n\t\t\t\t\t\t\t\t<\/a>\n\t<\/div>\n\n        <\/div>\n      <\/div>\n\n      <div class=\"block-divider\"><\/div>\n\n      <div class=\"headquarter-block__data -contacts\">\n\n        <div class=\"headquarter-block__title\">Contactos<\/div>\n\n        <span class=\"headquarter-block__info\">\n          <span class=\"headquarter-block__desc\">TEL:<\/span>\n          <a href=\"tel:+390490330297\">+390490330297<\/a>\n        <\/span>\n        <span class=\"headquarter-block__info\">\n          <span class=\"headquarter-block__desc\">EMAIL:<\/span>\n          <a href=\"mailto:info@omasindustries.com\">info@omasindustries.com<\/a>\n        <\/span>\n        <span class=\"headquarter-block__info\">\n          <span class=\"headquarter-block__desc\">P.I.<\/span>\n          IT00293630281\n        <\/span>\n\n        \n\n<div class=\"\n    base-button\n    \n    \n    -arrow\n    \n    -split\n    -secondary\n    -color-red\n  \" x-data=\"button( true )\">\n\t\t\t<a href=\"https:\/\/staging.omas.we-dev.it\/es\/ponerse-en-contacto\/\" aria-label=\"Richiedi informazioni\" target=\"_self\" class=\"base-button__wrapper\" aria-label=\"Richiedi informazioni\" @click=\"$dispatch('button-click')\"  >\n\t\t\t<span class=\"base-button__label\" x-ref=\"$label\">\n\t\t\t\t<span data-split=\"chars\" data-chars>Richiedi informazioni<\/span>\n\t\t\t<\/span>\n\t\t\t\t\t\t\t<span class=\"base-button__arrow\">\n\t\t\t\t\t  \n  <span class=\"base-icon\">\n<svg xmlns=\"http:\/\/www.w3.org\/2000\/svg\" version=\"1.1\" viewBox=\"0 0 16 16\">\n  <path d=\"M15.6,8.4l-3.2,3.2c-.2.2-.5.2-.7,0s-.2-.5,0-.7l2.3-2.3H.2v-1h13.8l-2.3-2.3c-.2-.2-.2-.5,0-.7s.5-.2.7,0l3.2,3.2c.2.2.2.5,0,.7Z\"\/>\n<\/svg>\n<\/span>\n\t\t\t\t<\/span>\n\t\t\t\t\t\t\t\t<\/a>\n\t<\/div>\n\n      <\/div>\n\n    <\/div>\n\n    <div class=\"headquarter-block__map\">\n      <div class=\"headquarter-block__map-inner\" x-ref=\"$map\"><\/div>\n    <\/div>\n\n  <\/div>\n\n<\/section>\n\n\n<section class=\"branches-block\">\n\n  <div class=\"base-paragraph\n  -bg-\n  \n  -type-base\n  \n  \n  \n  \"\n>\n\n\n\n\t<div class=\"base-paragraph__container  -type-base\">\n\t\t\t\t\t<div class=\"base-paragraph__subtitle\">\n\t\t\t\t<span data-inview data-split>Nuestras sedes<\/span>\n\t\t\t<\/div>\n\t\t\t\t\t\t\t<div class=\"base-paragraph__title\">\n\t\t\t\t<span data-inview data-split>Omas en el mundo<\/span>\n\t\t\t<\/div>\n\t\t\t\t\n\t\t\t<\/div>\n\n<\/div>\n\n\n    \n\n  <div class=\"branches-block__groups\">\n\n    \n  <\/div>\n\n<\/section>\n\n\n<div class=\"editorial-card   -bg-transparent\"\">\n\n  <div class=\"editorial-card__inner\">\n\n    <div class=\"editorial-card__content\">\n              <div class=\"editorial-card__title\" data-inview>\n          <span>Nacimos con la mirada puesta en el futuro.<\/span>\n        <\/div>\n                    <div class=\"editorial-card__description\" data-inview>Desde el primer molino realizado en 1990, innovamos con pasi\u00f3n y respeto el arte de la transformaci\u00f3n de los cereales, haci\u00e9ndolo cada vez m\u00e1s eficiente.<\/div>\n                    <div class=\"editorial-card__link\" data-inview>\n                      \n\n<div class=\"\n    base-button\n    \n    \n    -arrow\n    \n    -split\n    -secondary\n    -color-white\n  \" x-data=\"button( true )\">\n\t\t\t<a href=\"\/es\/nuestra-historia\/\" aria-label=\"Nuestra historia\" target=\"\" class=\"base-button__wrapper\" aria-label=\"Nuestra historia\" @click=\"$dispatch('button-click')\"  >\n\t\t\t<span class=\"base-button__label\" x-ref=\"$label\">\n\t\t\t\t<span data-split=\"chars\" data-chars>Nuestra historia<\/span>\n\t\t\t<\/span>\n\t\t\t\t\t\t\t<span class=\"base-button__arrow\">\n\t\t\t\t\t  \n  <span class=\"base-icon\">\n<svg xmlns=\"http:\/\/www.w3.org\/2000\/svg\" version=\"1.1\" viewBox=\"0 0 16 16\">\n  <path d=\"M15.6,8.4l-3.2,3.2c-.2.2-.5.2-.7,0s-.2-.5,0-.7l2.3-2.3H.2v-1h13.8l-2.3-2.3c-.2-.2-.2-.5,0-.7s.5-.2.7,0l3.2,3.2c.2.2.2.5,0,.7Z\"\/>\n<\/svg>\n<\/span>\n\t\t\t\t<\/span>\n\t\t\t\t\t\t\t\t<\/a>\n\t<\/div>\n                  <\/div>\n          <\/div>\n\n    \t\t\t<div class=\"editorial-card__image\" data-inview>\n\n\n\n\t<span\n    x-ref=\"$el\"\n    :class=\"[\n      'base-image',\n      lazy ? '-is-lazy' : '',\n      loaded ? '-is-loaded' : ''\n    ]\"\n    data-lazy=\"true\"\n    data-width=\"1290\"\n    data-height=\"800\"\n    x-intersect.once=\"onintersect\"\n    x-data=\"image\"\n    style=\"--w: 1290; --h: 800;\"\n    >\n\n  \t\t<picture class=\"base-image__picture\" x-ref=\"$picture\">\n\n\t\t\t\t\t\t\t<source media=\"(max-width: 767.9px)\" data-srcset=\"https:\/\/staging.omas.we-dev.it\/app\/uploads\/2025\/05\/lancio-la-nostra-storia-300x186.webp\" type=\"image\/webp\">\n\t\t\t\t<source media=\"(max-width: 767.9px)\" data-srcset=\"https:\/\/staging.omas.we-dev.it\/app\/uploads\/2025\/05\/lancio-la-nostra-storia-300x186.jpg\" type=\"image\/jpeg\">\n\t\t\t\t\t\t\t<source media=\"(max-width: 1024px)\" data-srcset=\"https:\/\/staging.omas.we-dev.it\/app\/uploads\/2025\/05\/lancio-la-nostra-storia-1024x635.webp\" type=\"image\/webp\">\n\t\t\t\t<source media=\"(max-width: 1024px)\" data-srcset=\"https:\/\/staging.omas.we-dev.it\/app\/uploads\/2025\/05\/lancio-la-nostra-storia-1024x635.jpg\" type=\"image\/jpeg\">\n\t\t\t\t\t\t<source data-srcset=\"https:\/\/staging.omas.we-dev.it\/app\/uploads\/2025\/05\/lancio-la-nostra-storia.webp\" type=\"image\/webp\">\n\t\t\t<source data-srcset=\"https:\/\/staging.omas.we-dev.it\/app\/uploads\/2025\/05\/lancio-la-nostra-storia.jpg\" type=\"image\/jpeg\">\n\n\t\t\t\t\t\t\t<img x-ref=\"$image\" loading=\"lazy\" data-srcset=\"https:\/\/staging.omas.we-dev.it\/app\/uploads\/2025\/05\/lancio-la-nostra-storia@1x.jpg 1x, https:\/\/staging.omas.we-dev.it\/app\/uploads\/2025\/05\/lancio-la-nostra-storia@2x.jpg 2x, https:\/\/staging.omas.we-dev.it\/app\/uploads\/2025\/05\/lancio-la-nostra-storia@3x.jpg 3x, https:\/\/staging.omas.we-dev.it\/app\/uploads\/2025\/05\/lancio-la-nostra-storia@4x.jpg 4x\" data-src=\"https:\/\/staging.omas.we-dev.it\/app\/uploads\/2025\/05\/lancio-la-nostra-storia.jpg\" alt=\"lancio-la-nostra-storia\" width=\"1290\" height=\"800\" @load.once=\"onload\">\n\t\t\t\n\t\t<\/picture>\n\t<\/span>\n<\/div>\n\t\t\n  <\/div>\n\n<\/div>\n","protected":false},"excerpt":{"rendered":"","protected":false},"author":1,"featured_media":0,"parent":0,"menu_order":0,"comment_status":"closed","ping_status":"closed","template":"","meta":{"_acf_changed":false,"footnotes":""},"class_list":["post-2222","page","type-page","status-publish","hentry"],"acf":[],"yoast_head":"<!-- This site is optimized with the Yoast SEO plugin v23.9 - https:\/\/yoast.com\/wordpress\/plugins\/seo\/ -->\n<title>D\u00f3nde Estamos - Omas S.r.l.<\/title>\n<meta name=\"description\" content=\"Nuestra sede es moderna y tecnol\u00f3gica, donde tradici\u00f3n e innovaci\u00f3n se unen para revolucionar el sector molinero.\" \/>\n<meta name=\"robots\" content=\"noindex, follow, max-snippet:-1, max-image-preview:large, max-video-preview:-1\" \/>\n<meta property=\"og:locale\" content=\"es_ES\" \/>\n<meta property=\"og:type\" content=\"article\" \/>\n<meta property=\"og:title\" content=\"D\u00f3nde Estamos - Omas S.r.l.\" \/>\n<meta property=\"og:description\" content=\"Nuestra sede es moderna y tecnol\u00f3gica, donde tradici\u00f3n e innovaci\u00f3n se unen para revolucionar el sector molinero.\" \/>\n<meta property=\"og:url\" content=\"https:\/\/staging.omas.we-dev.it\/es\/donde-estamos\/\" \/>\n<meta property=\"og:site_name\" content=\"Omas S.r.l.\" \/>\n<meta property=\"article:publisher\" content=\"https:\/\/www.facebook.com\/Omas.Industries\/\" \/>\n<meta property=\"article:modified_time\" content=\"2025-05-22T13:26:13+00:00\" \/>\n<meta name=\"twitter:card\" content=\"summary_large_image\" \/>\n<!-- \/ Yoast SEO plugin. -->","yoast_head_json":{"title":"D\u00f3nde Estamos - Omas S.r.l.","description":"Nuestra sede es moderna y tecnol\u00f3gica, donde tradici\u00f3n e innovaci\u00f3n se unen para revolucionar el sector molinero.","robots":{"index":"noindex","follow":"follow","max-snippet":"max-snippet:-1","max-image-preview":"max-image-preview:large","max-video-preview":"max-video-preview:-1"},"og_locale":"es_ES","og_type":"article","og_title":"D\u00f3nde Estamos - Omas S.r.l.","og_description":"Nuestra sede es moderna y tecnol\u00f3gica, donde tradici\u00f3n e innovaci\u00f3n se unen para revolucionar el sector molinero.","og_url":"https:\/\/staging.omas.we-dev.it\/es\/donde-estamos\/","og_site_name":"Omas S.r.l.","article_publisher":"https:\/\/www.facebook.com\/Omas.Industries\/","article_modified_time":"2025-05-22T13:26:13+00:00","twitter_card":"summary_large_image","schema":{"@context":"https:\/\/schema.org","@graph":[{"@type":"WebPage","@id":"https:\/\/staging.omas.we-dev.it\/es\/donde-estamos\/","url":"https:\/\/staging.omas.we-dev.it\/es\/donde-estamos\/","name":"D\u00f3nde Estamos - Omas S.r.l.","isPartOf":{"@id":"https:\/\/staging.omas.we-dev.it\/es\/#website"},"datePublished":"2024-10-31T13:29:21+00:00","dateModified":"2025-05-22T13:26:13+00:00","description":"Nuestra sede es moderna y tecnol\u00f3gica, donde tradici\u00f3n e innovaci\u00f3n se unen para revolucionar el sector molinero.","breadcrumb":{"@id":"https:\/\/staging.omas.we-dev.it\/es\/donde-estamos\/#breadcrumb"},"inLanguage":"es-ES","potentialAction":[{"@type":"ReadAction","target":["https:\/\/staging.omas.we-dev.it\/es\/donde-estamos\/"]}]},{"@type":"BreadcrumbList","@id":"https:\/\/staging.omas.we-dev.it\/es\/donde-estamos\/#breadcrumb","itemListElement":[{"@type":"ListItem","position":1,"name":"Home","item":"https:\/\/staging.omas.we-dev.it\/es\/"},{"@type":"ListItem","position":2,"name":"D\u00f3nde estamos"}]},{"@type":"WebSite","@id":"https:\/\/staging.omas.we-dev.it\/es\/#website","url":"https:\/\/staging.omas.we-dev.it\/es\/","name":"Omas S.r.l.","description":"","publisher":{"@id":"https:\/\/staging.omas.we-dev.it\/es\/#organization"},"potentialAction":[{"@type":"SearchAction","target":{"@type":"EntryPoint","urlTemplate":"https:\/\/staging.omas.we-dev.it\/es\/?s={search_term_string}"},"query-input":{"@type":"PropertyValueSpecification","valueRequired":true,"valueName":"search_term_string"}}],"inLanguage":"es-ES"},{"@type":"Organization","@id":"https:\/\/staging.omas.we-dev.it\/es\/#organization","name":"Omas Industries Srl","url":"https:\/\/staging.omas.we-dev.it\/es\/","logo":{"@type":"ImageObject","inLanguage":"es-ES","@id":"https:\/\/staging.omas.we-dev.it\/es\/#\/schema\/logo\/image\/","url":"https:\/\/staging.omas.we-dev.it\/app\/uploads\/2025\/04\/omas_industries_logo.png","contentUrl":"https:\/\/staging.omas.we-dev.it\/app\/uploads\/2025\/04\/omas_industries_logo.png","width":"392","height":"129","caption":"Omas Industries Srl"},"image":{"@id":"https:\/\/staging.omas.we-dev.it\/es\/#\/schema\/logo\/image\/"},"sameAs":["https:\/\/www.facebook.com\/Omas.Industries\/","https:\/\/www.linkedin.com\/company\/omas-srl\/"]}]}},"_links":{"self":[{"href":"https:\/\/staging.omas.we-dev.it\/es\/wp-json\/wp\/v2\/pages\/2222","targetHints":{"allow":["GET"]}}],"collection":[{"href":"https:\/\/staging.omas.we-dev.it\/es\/wp-json\/wp\/v2\/pages"}],"about":[{"href":"https:\/\/staging.omas.we-dev.it\/es\/wp-json\/wp\/v2\/types\/page"}],"author":[{"embeddable":true,"href":"https:\/\/staging.omas.we-dev.it\/es\/wp-json\/wp\/v2\/users\/1"}],"replies":[{"embeddable":true,"href":"https:\/\/staging.omas.we-dev.it\/es\/wp-json\/wp\/v2\/comments?post=2222"}],"version-history":[{"count":4,"href":"https:\/\/staging.omas.we-dev.it\/es\/wp-json\/wp\/v2\/pages\/2222\/revisions"}],"predecessor-version":[{"id":5553,"href":"https:\/\/staging.omas.we-dev.it\/es\/wp-json\/wp\/v2\/pages\/2222\/revisions\/5553"}],"wp:attachment":[{"href":"https:\/\/staging.omas.we-dev.it\/es\/wp-json\/wp\/v2\/media?parent=2222"}],"curies":[{"name":"wp","href":"https:\/\/api.w.org\/{rel}","templated":true}]}}